{"id":17335,"date":"2017-05-22T18:02:34","date_gmt":"2017-05-22T22:02:34","guid":{"rendered":"https:\/\/legalfundingjournal.com\/terminos-y-condiciones\/"},"modified":"2025-06-09T12:50:57","modified_gmt":"2025-06-09T16:50:57","slug":"terminos-y-condiciones","status":"publish","type":"page","link":"https:\/\/legalfundingjournal.com\/es\/terminos-y-condiciones\/","title":{"rendered":"T\u00e9rminos y condiciones"},"content":{"rendered":"\n<h1 class=\"wp-block-heading\">Condiciones generales<\/h1>\n\n<p>Gracias por suscribirte al Litigation Finance Journal y\/o al Legal Funding Journal (denominados colectivamente en estas condiciones \u201cLFJ\u201d). En la(s) p\u00e1gina(s) web, puedes acceder al contenido actual y al contenido pasado del LFJ. <\/p>\n\n<pre class=\"wp-block-verse\"><strong>Al suscribirte a la LFJ o al iniciar y realizar una suscripci\u00f3n de prueba de la LFJ, t\u00fa (\u201ct\u00fa\u201d o un \u201cSuscriptor\u201d) aceptas quedar vinculado por estas Condiciones de uso (\u201cCDU\u201d).<\/strong><\/pre>\n\n<h2 class=\"wp-block-heading\">Condiciones de uso<\/h2>\n\n<ol class=\"wp-block-list\">\n<li><strong>Acuerdo vinculante.  <\/strong>Estas CDU constituyen un acuerdo legalmente vinculante entre t\u00fa y LitFin Journal LLC (\u201cLFJLLC\u201d). LFJLLC publica el LFJ y LFJLLC posee y gestiona el\/los sitio(s) web. Podemos modificar estas CDU sin notific\u00e1rtelo, por lo que te recomendamos que las revises peri\u00f3dicamente.  <\/li>\n\n\n\n<li><strong>Requisitos.<\/strong>  Debes tener dieciocho (18) a\u00f1os o m\u00e1s para suscribirte a la LFJ.<\/li>\n\n\n\n<li><strong>Plazo.<\/strong>  Estas CDU permanecer\u00e1n en pleno vigor y efecto mientras seas Suscriptor. Algunas de estas CDU seguir\u00e1n en vigor incluso si cancelas tu suscripci\u00f3n. <\/li>\n\n\n\n<li><strong>Propiedad de los Contenidos y Servicios de LFJLLC.<\/strong>  LFJLLC posee todos los derechos de propiedad sobre la LFJ y el\/los sitio(s) web. Estos derechos incluyen, sin limitaci\u00f3n, todos los derechos de marca sobre el nombre y logotipo de LFJ, todos los servicios como nuestro servicio de agregador de noticias, nuestro contenido original y todos los derechos de autor y otros derechos sobre LFJ y cualquier otro contenido o servicio que ofrezcamos o mostremos o publiquemos en el sitio (\u201cContenido de LFJ\u201d). <\/li>\n\n\n\n<li><strong>Licencia de uso de los Contenidos y Servicios de LFJ<\/strong>\n<ol class=\"wp-block-list\">\n<li>Puedes imprimir el n\u00famero actual de LFJ o art\u00edculos individuales de cualquier n\u00famero, sujeto a estas CDU. Sin embargo, no puedes compartir tus credenciales de acceso o cualquier copia impresa de cualquier n\u00famero de la LFJ o cualquier art\u00edculo individual impreso de cualquier n\u00famero con cualquier persona que no est\u00e9 suscrita a la LFJ, incluidas las personas de tu organizaci\u00f3n que no est\u00e9n suscritas a la LFJ. Por ejemplo, el contenido del LFJ y los art\u00edculos individuales de dichos n\u00fameros no pueden imprimirse y distribuirse dentro de un departamento, empresa u oficina. Adem\u00e1s, no puedes     \n<ol class=\"wp-block-list\">\n<li>Enviar por correo electr\u00f3nico cualquier art\u00edculo de la LFJ a m\u00e1s de un (1) destinatario que no sea suscriptor de la LFJ, incluidas las personas de tu empresa que no sean suscriptores (\u201cNo suscriptores\u201d),<\/li>\n\n\n\n<li>Enviar por correo electr\u00f3nico m\u00e1s de un (1) art\u00edculo de la LFJ a cualquier No Suscriptor durante cualquier suscripci\u00f3n de prueba de la LFJ, o<\/li>\n\n\n\n<li>Utilizar la funci\u00f3n del sitio o sitios web de LFJ que permite el env\u00edo de art\u00edculos por correo electr\u00f3nico para eludir estas CDU. No puedes mostrar ni distribuir ning\u00fan Contenido de LFJ a menos que LFJ te lo autorice expresamente por escrito. <\/li>\n<\/ol>\n<\/li>\n\n\n\n<li>No puedes\n<ul class=\"wp-block-list\">\n<li>Eliminar, a\u00f1adir, traducir o modificar de cualquier otro modo cualquier Contenido de LFJ;<\/li>\n\n\n\n<li>Crear cualquier otro contenido basado en cualquier Contenido de LFJ en cualquier forma o medio:<\/li>\n\n\n\n<li>Incorporar cualquier Contenido de LFJ a cualquier otro contenido o material de cualquier tipo, en cualquier forma o medio;<\/li>\n\n\n\n<li>Vender u ofrecer a la venta cualquier Contenido de LFJ;<\/li>\n\n\n\n<li>Almacenar cualquier Contenido de LFJ en o guardar cualquier contenido de LFJ en cualquier unidad de disco, servidor inform\u00e1tico o cualquier dispositivo o ubicaci\u00f3n de almacenamiento digital o basado en la web; o<\/li>\n\n\n\n<li>hacer nada con o a cualquier Contenido de LFJ que no est\u00e9 expresamente permitido por la Secci\u00f3n 5a.<\/li>\n<\/ul>\n<\/li>\n\n\n\n<li>No puedes mostrar el nombre o logotipo de LFJ para ning\u00fan otro prop\u00f3sito que no forme parte de cualquier Contenido de LFJ.<\/li>\n\n\n\n<li>S\u00f3lo puedes utilizar nuestros servicios y mostrar el contenido de los servicios para tu propio uso como suscriptor individual de pago y licenciatario de nuestros servicios y contenidos, y no puedes copiar, reproducir, alterar, modificar, crear trabajos derivados o mostrar p\u00fablicamente ning\u00fan contenido. Por ejemplo, no puedes tomar los resultados de nuestros servicios de agregaci\u00f3n de noticias y reformatearlos y mostrarlos, ni compartir los resultados con ninguna otra persona u organizaci\u00f3n que no sea un suscriptor y licenciatario de pago. Si no est\u00e1s seguro de si el uso que pretendes hacer del Servicio est\u00e1 permitido, ponte en contacto con nosotros. Adem\u00e1s, LFJ tendr\u00e1 derecho, a su entera discreci\u00f3n, a suspender o cancelar los servicios o tu acceso a los mismos.   <\/li>\n<\/ol>\n<\/li>\n\n\n\n<li><strong>Suscripciones.<\/strong>  Las suscripciones para acceder a la(s) p\u00e1gina(s) web se adquieren con car\u00e1cter anual y se renovar\u00e1n autom\u00e1ticamente cada a\u00f1o. Durante la vigencia de tu suscripci\u00f3n tendr\u00e1s acceso a todos los beneficios publicados para suscriptores. Estos beneficios pueden cambiar de vez en cuando a discreci\u00f3n de LFJ y sin previo aviso. Si deseas cancelar tu suscripci\u00f3n, puedes hacerlo enviando un correo electr\u00f3nico <a href=\"mailto:info@legalfundingjournal.com\" target=\"_blank\" rel=\"noreferrer noopener\">a info@legalfundingjournal.com.<\/a>   <\/li>\n\n\n\n<li><strong>Cancelaciones.<\/strong>  Si decides cancelar tu suscripci\u00f3n anual, conservar\u00e1s el acceso al sitio o sitios web durante el periodo de tiempo en el que se haya abonado la suscripci\u00f3n. No se efectuar\u00e1n reembolsos si decides cancelar tu suscripci\u00f3n anual antes de que finalice el periodo de suscripci\u00f3n anual. En los casos en los que est\u00e9s pagando tu suscripci\u00f3n anual mensualmente, se aplicar\u00e1 una tasa de cancelaci\u00f3n en el momento de la cancelaci\u00f3n por el importe del saldo pendiente de pago de tu suscripci\u00f3n anual o 500 $, la cantidad que sea menor. Por ejemplo, si pagas tu suscripci\u00f3n anual mensualmente y la cancelas despu\u00e9s del octavo (8) mes, se te cobrar\u00e1 una tasa de cancelaci\u00f3n igual al importe total de los cuatro (4) pagos restantes, o 500 $, la cantidad que sea menor.   <\/li>\n\n\n\n<li><strong>Incumplimiento\/Terminaci\u00f3n.<\/strong>  Si descubrimos que has incumplido cualquier parte de este acuerdo, podemos cancelar tu suscripci\u00f3n sin reembolso alguno de cualquier cantidad de suscripci\u00f3n pagada previamente, y tomar cualquier otra medida que consideremos necesaria para proteger nuestros derechos sobre el Contenido o los Servicios de LFJ, incluyendo, sin limitaci\u00f3n, interponer una demanda por infracci\u00f3n.<\/li>\n\n\n\n<li><strong>Declaraciones y garant\u00edas.<\/strong>  Declaras y garantizas que tienes el derecho, la autoridad y la capacidad para suscribir y cumplir estas CDU.<\/li>\n\n\n\n<li><strong>Indemnizaci\u00f3n.<\/strong>  Indemnizar\u00e1s a LFJ y mantendr\u00e1s indemne a LFJ, sus propietarios, subsidiarias, filiales, directivos, agentes y otros socios y empleados, de cualquier p\u00e9rdida, responsabilidad, reclamaci\u00f3n, demanda, honorarios y gastos, incluidos los honorarios razonables de abogados, realizados por cualquier tercero (lo que significa cualquier persona que no seas t\u00fa o LFJ) debido a o derivados de tu uso del\/de los sitio(s) web, incluyendo, sin limitaci\u00f3n, cualquier reclamaci\u00f3n derivada del incumplimiento por tu parte de estas CDU, del incumplimiento por tu parte de las declaraciones y garant\u00edas establecidas anteriormente, o del hecho de que compartas cualquier informaci\u00f3n del sitio o sitios web con terceros de forma distinta a la permitida por estas CDU. Esta obligaci\u00f3n sobrevivir\u00e1 a la rescisi\u00f3n del presente Acuerdo, lo que significa que aunque dejes de utilizar el\/los sitio(s) web y el Contenido de LFJ, seguir\u00e1s estando obligado. <\/li>\n\n\n\n<li><strong>No hay asesoramiento jur\u00eddico ni fiscal.<\/strong>  El LFJ se elabora y facilita \u00fanicamente con fines informativos y educativos de car\u00e1cter general. La LFJ no proporciona ni pretende proporcionar asesoramiento jur\u00eddico o fiscal espec\u00edfico a ninguna persona o entidad. <\/li>\n\n\n\n<li><strong>LIMITACI\u00d3N DE RESPONSABILIDAD<\/strong>\n<ul class=\"wp-block-list\">\n<li>BAJO NINGUNA CIRCUNSTANCIA LFJLLC SER\u00c1 RESPONSABLE DE LOS RESULTADOS DE CUALQUIER ACCI\u00d3N QUE T\u00da O CUALQUIER PERSONA A LA QUE PROPORCIONES CONTENIDO LFJ PUEDA TOMAR O DE CUALQUIER DECISI\u00d3N QUE T\u00da O DICHA PERSONA PUEDA TOMAR BAS\u00c1NDOSE EN CUALQUIER CONTENIDO LFJ O POR RAZ\u00d3N DE CUALQUIER INFORMACI\u00d3N O RECIBIDA A TRAV\u00c9S DE O ANUNCIADA EN RELACI\u00d3N CON EL\/LOS SITIO\/S WEB O CUALQUIER ENLACE EN EL\/LOS SITIO\/S WEB.<\/li>\n\n\n\n<li>BAJO NINGUNA CIRCUNSTANCIA LFJLLC SER\u00c1 RESPONSABLE DE NING\u00daN DA\u00d1O DIRECTO, INDIRECTO, INCIDENTAL, ESPECIAL, CONSECUENCIAL O EJEMPLAR (AUNQUE LFJLLC HAYA SIDO ADVERTIDA DE LA POSIBILIDAD DE TALES  <\/li>\n\n\n\n<li>DA\u00d1OS Y PERJUICIOS), RESULTANTES DE CUALQUIER ASPECTO DE TU USO DE CUALQUIER CONTENIDO DE LFJ O DEL SITIO O SITIOS WEB O DEL USO DEL CONTENIDO DE LFJ O DEL SITIO O SITIOS WEB POR CUALQUIER PERSONA A LA QUE PROPORCIONES CONTENIDO DE LFJ. ESTAS LIMITACIONES SE APLICAR\u00c1N EN LA M\u00c1XIMA MEDIDA PERMITIDA POR LA LEY. EN ALGUNAS JURISDICCIONES, LAS LIMITACIONES DE RESPONSABILIDAD NO EST\u00c1N PERMITIDAS, POR LO QUE ALGUNAS DE LAS LIMITACIONES ANTERIORES PUEDEN NO SER APLICABLES EN TU CASO.  <\/li>\n<\/ul>\n<\/li>\n\n\n\n<li><strong>Ley aplicable, jurisdicci\u00f3n y plazo de reclamaci\u00f3n.<\/strong>  Si tienes una disputa con LFJLLC, la disputa se regir\u00e1 por las leyes del Estado de Nueva York sin tener en cuenta su conflicto de disposiciones legales. Por la presente te sometes a la jurisdicci\u00f3n personal y a la competencia de los tribunales estatales y federales del Estado de Nueva York, Ciudad de Nueva York. Independientemente de cualquier estatuto o ley que disponga lo contrario, cualquier reclamaci\u00f3n o causa de acci\u00f3n que surja de o est\u00e9 relacionada con el uso del Contenido de LFJ o las CDU debe presentarse en el plazo de un (1) a\u00f1o desde que surgi\u00f3 dicha reclamaci\u00f3n o causa de acci\u00f3n o prescribir\u00e1 para siempre.  <\/li>\n\n\n\n<li><strong>Condiciones adicionales.<\/strong>  El hecho de que no ejerzamos o hagamos valer cualquier derecho o disposici\u00f3n de las CDU no constituir\u00e1 una renuncia a dicho derecho o disposici\u00f3n. Si un tribunal de jurisdicci\u00f3n competente declara inv\u00e1lida cualquier disposici\u00f3n de las CDU, el tribunal deber\u00e1 intentar dar efecto a las intenciones de las partes reflejadas en la disposici\u00f3n, y las dem\u00e1s disposiciones de las CDU seguir\u00e1n en pleno vigor y efecto. <\/li>\n<\/ol>\n\n<pre class=\"wp-block-verse\">Al firmar electr\u00f3nicamente o de cualquier otro modo un acuerdo con LitFin Journal LLC o un afiliado, declaras que est\u00e1s autorizado a vincular a tu empresa u organizaci\u00f3n por la que est\u00e1s firmando y o servicio o producto que est\u00e1s comprando.<\/pre>\n","protected":false},"excerpt":{"rendered":"<p>Condiciones generales Gracias por suscribirte al Litigation Finance Journal y\/o al Legal Funding Journal (denominados colectivamente en estas condiciones \u201cLFJ\u201d). En la(s) p\u00e1gina(s) web, puedes acceder al contenido actual y&hellip;<\/p>\n","protected":false},"author":124,"featured_media":0,"parent":0,"menu_order":0,"comment_status":"closed","ping_status":"closed","template":"","meta":{"pmpro_default_level":0,"episode_type":"","audio_file":"","cover_image":"","cover_image_id":"","duration":"","filesize":"","date_recorded":"","explicit":"","block":"","filesize_raw":"","footnotes":""},"class_list":["post-17335","page","type-page","status-publish","hentry","pmpro-has-access"],"_links":{"self":[{"href":"https:\/\/legalfundingjournal.com\/es\/wp-json\/wp\/v2\/pages\/17335","targetHints":{"allow":["GET"]}}],"collection":[{"href":"https:\/\/legalfundingjournal.com\/es\/wp-json\/wp\/v2\/pages"}],"about":[{"href":"https:\/\/legalfundingjournal.com\/es\/wp-json\/wp\/v2\/types\/page"}],"author":[{"embeddable":true,"href":"https:\/\/legalfundingjournal.com\/es\/wp-json\/wp\/v2\/users\/124"}],"replies":[{"embeddable":true,"href":"https:\/\/legalfundingjournal.com\/es\/wp-json\/wp\/v2\/comments?post=17335"}],"version-history":[{"count":0,"href":"https:\/\/legalfundingjournal.com\/es\/wp-json\/wp\/v2\/pages\/17335\/revisions"}],"wp:attachment":[{"href":"https:\/\/legalfundingjournal.com\/es\/wp-json\/wp\/v2\/media?parent=17335"}],"curies":[{"name":"wp","href":"https:\/\/api.w.org\/{rel}","templated":true}]}}