{"id":17361,"date":"2016-10-05T19:24:31","date_gmt":"2016-10-05T23:24:31","guid":{"rendered":"https:\/\/legalfundingjournal.com\/acerca-de\/"},"modified":"2025-06-09T12:51:30","modified_gmt":"2025-06-09T16:51:30","slug":"acerca-de","status":"publish","type":"page","link":"https:\/\/legalfundingjournal.com\/es\/acerca-de\/","title":{"rendered":"Acerca de"},"content":{"rendered":"<h2>Acerca de Legal Funding Journal<\/h2>\n<strong>Legal Funding Journal<\/strong> (LFJ) compromete e informa a una comunidad global de financiaci\u00f3n legal de m\u00e1s de 5.000 personas a trav\u00e9s de art\u00edculos diarios, alertas de noticias y contenido original.\n\nLa comunidad de LFJ conf\u00eda en LFJ como recurso al que acudir para estar al d\u00eda de las \u00faltimas noticias y acontecimientos que tienen lugar en el creciente sector de la financiaci\u00f3n jur\u00eddica, incluidos los avances en casos, las actividades de financiaci\u00f3n, las actualizaciones normativas, la innovaci\u00f3n, los movimientos de personal y mucho m\u00e1s.\n\n<strong>Entre las principales ventajas para los afiliados se incluyen:<\/strong>\n<ul>\n \t<li><strong>Gesti\u00f3n del conocimiento<\/strong>\nGarantizar que los miembros y sus equipos sigan siendo las mentes m\u00e1s inteligentes de la sala en lo que respecta a todo lo relacionado con LitFin.<\/li>\n \t<li><strong>Liderazgo intelectual\n<\/strong>Acceso a contenidos elaborados por algunos de los principales expertos en la materia en el espacio de la financiaci\u00f3n jur\u00eddica.<\/li>\n \t<li><strong>Oportunidades para mostrar la experiencia en el sector\n<\/strong>Los miembros de LFJ tienen la oportunidad de aportar contenido original y elevar sus marcas participando en actividades de liderazgo intelectual exclusivas para miembros.<\/li>\n \t<li><strong>Comunidad y Conexiones\n<\/strong>Acceso a la comunidad m\u00e1s exclusiva e influyente de ejecutivos de financiaci\u00f3n jur\u00eddica mundial a trav\u00e9s de la participaci\u00f3n en eventos, presentaciones informales y mucho m\u00e1s.<\/li>\n<\/ul>","protected":false},"excerpt":{"rendered":"<p>Acerca de Legal Funding Journal Legal Funding Journal (LFJ) compromete e informa a una comunidad global de financiaci\u00f3n legal de m\u00e1s de 5.000 personas a trav\u00e9s de art\u00edculos diarios, alertas&hellip;<\/p>\n","protected":false},"author":2,"featured_media":0,"parent":0,"menu_order":0,"comment_status":"closed","ping_status":"closed","template":"about-template.php","meta":{"pmpro_default_level":0,"episode_type":"","audio_file":"","cover_image":"","cover_image_id":"","duration":"","filesize":"","date_recorded":"","explicit":"","block":"","filesize_raw":"","footnotes":""},"class_list":["post-17361","page","type-page","status-publish","hentry","pmpro-has-access"],"_links":{"self":[{"href":"https:\/\/legalfundingjournal.com\/es\/wp-json\/wp\/v2\/pages\/17361","targetHints":{"allow":["GET"]}}],"collection":[{"href":"https:\/\/legalfundingjournal.com\/es\/wp-json\/wp\/v2\/pages"}],"about":[{"href":"https:\/\/legalfundingjournal.com\/es\/wp-json\/wp\/v2\/types\/page"}],"author":[{"embeddable":true,"href":"https:\/\/legalfundingjournal.com\/es\/wp-json\/wp\/v2\/users\/2"}],"replies":[{"embeddable":true,"href":"https:\/\/legalfundingjournal.com\/es\/wp-json\/wp\/v2\/comments?post=17361"}],"version-history":[{"count":0,"href":"https:\/\/legalfundingjournal.com\/es\/wp-json\/wp\/v2\/pages\/17361\/revisions"}],"wp:attachment":[{"href":"https:\/\/legalfundingjournal.com\/es\/wp-json\/wp\/v2\/media?parent=17361"}],"curies":[{"name":"wp","href":"https:\/\/api.w.org\/{rel}","templated":true}]}}